{"id":17,"date":"2022-11-26T11:22:28","date_gmt":"2022-11-26T14:22:28","guid":{"rendered":"https:\/\/nomade.tec.br\/?page_id=10"},"modified":"2022-11-26T11:22:28","modified_gmt":"2022-11-26T14:22:28","slug":"sobre","status":"publish","type":"page","link":"https:\/\/nomade.tec.br\/es\/sobre\/","title":{"rendered":"Sobre nosotros"},"content":{"rendered":"\n<p>Somos amaz\u00f3nicos, actuamos como emprendedores, activistas, investigadores y extensionistas. Basamos la actuaci\u00f3n de nuestra empresa en los principios de la \u00e9tica hacker (conocimiento, colaboraci\u00f3n y libertad). Basados \u200b\u200ben una cosmot\u00e9cnica digital amaz\u00f3nica, utilizamos nuestro conocimiento para cultivar herramientas digitales contracoloniales de c\u00f3digo abierto con un enfoque en cultivar territorios virtuales libres y aut\u00f3nomos para la innovaci\u00f3n ciudadana cr\u00edtica y el fortalecimiento de la democracia.<\/p>\n\n\n\n<p>Actualmente estamos involucrados en la construcci\u00f3n de plataformas de participaci\u00f3n social para organizaciones de la sociedad civil, gobiernos y pol\u00edticos interesados \u200b\u200ben innovar a trav\u00e9s de campa\u00f1as y mandatos participativos.<\/p>\n\n\n\n<p>Uno de nuestros principales afluentes de acci\u00f3n es la formaci\u00f3n tecnopol\u00edtica de j\u00f3venes a trav\u00e9s de talleres y cursos de intercambio de conocimientos relacionados con metodolog\u00edas y herramientas libres de tecnolog\u00edas c\u00edvicas.<\/p>\n","protected":false},"excerpt":{"rendered":"<p>Somos amaz\u00f3nicos, actuamos como emprendedores, activistas, investigadores y extensionistas. Basamos la actuaci\u00f3n de nuestra empresa en los principios de la \u00e9tica hacker (conocimiento, colaboraci\u00f3n y libertad). Basados \u200b\u200ben una cosmot\u00e9cnica digital amaz\u00f3nica, utilizamos nuestro conocimiento para cultivar herramientas digitales contracoloniales de c\u00f3digo abierto con un enfoque en cultivar territorios virtuales libres y aut\u00f3nomos para la &hellip; <\/p>\n<p class=\"link-more\"><a href=\"https:\/\/nomade.tec.br\/es\/sobre\/\" class=\"more-link\">Continuar leyendo<span class=\"screen-reader-text\"> \u00abSobre nosotros\u00bb<\/span><\/a><\/p>\n","protected":false},"author":1,"featured_media":0,"parent":0,"menu_order":0,"comment_status":"closed","ping_status":"closed","template":"","meta":{"footnotes":""},"class_list":["post-17","page","type-page","status-publish","hentry"],"jetpack_sharing_enabled":true,"_links":{"self":[{"href":"https:\/\/nomade.tec.br\/es\/wp-json\/wp\/v2\/pages\/17","targetHints":{"allow":["GET"]}}],"collection":[{"href":"https:\/\/nomade.tec.br\/es\/wp-json\/wp\/v2\/pages"}],"about":[{"href":"https:\/\/nomade.tec.br\/es\/wp-json\/wp\/v2\/types\/page"}],"author":[{"embeddable":true,"href":"https:\/\/nomade.tec.br\/es\/wp-json\/wp\/v2\/users\/1"}],"replies":[{"embeddable":true,"href":"https:\/\/nomade.tec.br\/es\/wp-json\/wp\/v2\/comments?post=17"}],"version-history":[{"count":0,"href":"https:\/\/nomade.tec.br\/es\/wp-json\/wp\/v2\/pages\/17\/revisions"}],"wp:attachment":[{"href":"https:\/\/nomade.tec.br\/es\/wp-json\/wp\/v2\/media?parent=17"}],"curies":[{"name":"wp","href":"https:\/\/api.w.org\/{rel}","templated":true}]}}