{"id":122,"date":"2023-05-07T21:01:44","date_gmt":"2023-05-08T00:01:44","guid":{"rendered":"https:\/\/nomade.tec.br\/?page_id=122"},"modified":"2023-05-07T21:01:44","modified_gmt":"2023-05-08T00:01:44","slug":"home","status":"publish","type":"page","link":"https:\/\/nomade.tec.br\/es\/","title":{"rendered":"Herramientas digitales para la participaci\u00f3n social"},"content":{"rendered":"\n<p>Nos dedicamos a construir plataformas digitales libres y soberanas como apoyo al cultivo de comunidades tecnopol\u00edticas que promuevan la participaci\u00f3n social m\u00e1s all\u00e1 de las limitaciones f\u00edsicas.<\/p>\n\n\n\n<p>Encuentre con nosotros soluciones para poner en marcha un plan de gobernanza municipal, fomentar la participaci\u00f3n social o brindar una herramienta de participaci\u00f3n para su ciudad u organizaci\u00f3n que pretenda postularse para cargos electivos a trav\u00e9s de una campa\u00f1a colaborativa con miras a implementar un mandato participativo.<\/p>\n\n\n\n<p>Para ello, trabajamos en la implementaci\u00f3n de aplicaciones \u00e1giles, seguras y \u00e9ticas para crear tecnolog\u00edas viables que promuevan la participaci\u00f3n social, el cultivo de comunidades c\u00edvicas, organizaciones autogestionarias y la defensa de la democracia.<\/p>\n","protected":false},"excerpt":{"rendered":"<p>Nos dedicamos a construir plataformas digitales libres y soberanas como apoyo al cultivo de comunidades tecnopol\u00edticas que promuevan la participaci\u00f3n social m\u00e1s all\u00e1 de las limitaciones f\u00edsicas. Encuentre con nosotros soluciones para poner en marcha un plan de gobernanza municipal, fomentar la participaci\u00f3n social o brindar una herramienta de participaci\u00f3n para su ciudad u organizaci\u00f3n &hellip; <\/p>\n<p class=\"link-more\"><a href=\"https:\/\/nomade.tec.br\/es\/\" class=\"more-link\">Continuar leyendo<span class=\"screen-reader-text\"> \u00abHerramientas digitales para la participaci\u00f3n social\u00bb<\/span><\/a><\/p>\n","protected":false},"author":1,"featured_media":0,"parent":0,"menu_order":0,"comment_status":"closed","ping_status":"closed","template":"","meta":{"footnotes":""},"class_list":["post-122","page","type-page","status-publish","hentry"],"jetpack_sharing_enabled":true,"_links":{"self":[{"href":"https:\/\/nomade.tec.br\/es\/wp-json\/wp\/v2\/pages\/122","targetHints":{"allow":["GET"]}}],"collection":[{"href":"https:\/\/nomade.tec.br\/es\/wp-json\/wp\/v2\/pages"}],"about":[{"href":"https:\/\/nomade.tec.br\/es\/wp-json\/wp\/v2\/types\/page"}],"author":[{"embeddable":true,"href":"https:\/\/nomade.tec.br\/es\/wp-json\/wp\/v2\/users\/1"}],"replies":[{"embeddable":true,"href":"https:\/\/nomade.tec.br\/es\/wp-json\/wp\/v2\/comments?post=122"}],"version-history":[{"count":0,"href":"https:\/\/nomade.tec.br\/es\/wp-json\/wp\/v2\/pages\/122\/revisions"}],"wp:attachment":[{"href":"https:\/\/nomade.tec.br\/es\/wp-json\/wp\/v2\/media?parent=122"}],"curies":[{"name":"wp","href":"https:\/\/api.w.org\/{rel}","templated":true}]}}